{"id":1319,"date":"2022-07-08T11:22:19","date_gmt":"2022-07-08T11:22:19","guid":{"rendered":"http:\/\/printinghouse3d.com\/?page_id=1319"},"modified":"2024-06-13T18:27:05","modified_gmt":"2024-06-13T18:27:05","slug":"large-size-prints","status":"publish","type":"page","link":"https:\/\/printinghouse3d.com\/index.php\/large-size-prints\/","title":{"rendered":"Produkcja dedykowanego merchu"},"content":{"rendered":"\n<p>Specjalizujemy si\u0119 w produkcji figurek, dioram naszych klient\u00f3w. Wykorzystywane przez nas technologie pozwalaj\u0105 za pe\u0142n\u0105 customizacj\u0119 przy zachowaniu mo\u017cliwo\u015bci produkcyji kr\u00f3tkoseryjnej. <\/p>\n","protected":false},"excerpt":{"rendered":"<p>Our specially designed printers can easily handle printing objects of above-average size. Our portfolio includes 2-meter bicycles or 3-meter statues.<\/p>\n","protected":false},"author":1,"featured_media":0,"parent":0,"menu_order":0,"comment_status":"closed","ping_status":"closed","template":"","meta":{"footnotes":""},"_links":{"self":[{"href":"https:\/\/printinghouse3d.com\/index.php\/wp-json\/wp\/v2\/pages\/1319"}],"collection":[{"href":"https:\/\/printinghouse3d.com\/index.php\/wp-json\/wp\/v2\/pages"}],"about":[{"href":"https:\/\/printinghouse3d.com\/index.php\/wp-json\/wp\/v2\/types\/page"}],"author":[{"embeddable":true,"href":"https:\/\/printinghouse3d.com\/index.php\/wp-json\/wp\/v2\/users\/1"}],"replies":[{"embeddable":true,"href":"https:\/\/printinghouse3d.com\/index.php\/wp-json\/wp\/v2\/comments?post=1319"}],"version-history":[{"count":5,"href":"https:\/\/printinghouse3d.com\/index.php\/wp-json\/wp\/v2\/pages\/1319\/revisions"}],"predecessor-version":[{"id":1582,"href":"https:\/\/printinghouse3d.com\/index.php\/wp-json\/wp\/v2\/pages\/1319\/revisions\/1582"}],"wp:attachment":[{"href":"https:\/\/printinghouse3d.com\/index.php\/wp-json\/wp\/v2\/media?parent=1319"}],"curies":[{"name":"wp","href":"https:\/\/api.w.org\/{rel}","templated":true}]}}