{"id":1321,"date":"2022-07-08T11:23:50","date_gmt":"2022-07-08T11:23:50","guid":{"rendered":"http:\/\/printinghouse3d.com\/?page_id=1321"},"modified":"2024-06-13T16:39:42","modified_gmt":"2024-06-13T16:39:42","slug":"finishing-work","status":"publish","type":"page","link":"https:\/\/printinghouse3d.com\/index.php\/finishing-work\/","title":{"rendered":"Obr\u00f3bka wyka\u0144czaj\u0105ca"},"content":{"rendered":"\n<p>Parts made using incremental technology (3D printing) have distinctive layers. We grind, polish, smooth and paint the printed products.<\/p>\n","protected":false},"excerpt":{"rendered":"<p>Parts made using incremental technology (3D printing) have distinctive layers. We grind, polish, smooth and paint the printed products.<\/p>\n","protected":false},"author":1,"featured_media":0,"parent":0,"menu_order":0,"comment_status":"closed","ping_status":"closed","template":"","meta":{"footnotes":""},"_links":{"self":[{"href":"https:\/\/printinghouse3d.com\/index.php\/wp-json\/wp\/v2\/pages\/1321"}],"collection":[{"href":"https:\/\/printinghouse3d.com\/index.php\/wp-json\/wp\/v2\/pages"}],"about":[{"href":"https:\/\/printinghouse3d.com\/index.php\/wp-json\/wp\/v2\/types\/page"}],"author":[{"embeddable":true,"href":"https:\/\/printinghouse3d.com\/index.php\/wp-json\/wp\/v2\/users\/1"}],"replies":[{"embeddable":true,"href":"https:\/\/printinghouse3d.com\/index.php\/wp-json\/wp\/v2\/comments?post=1321"}],"version-history":[{"count":3,"href":"https:\/\/printinghouse3d.com\/index.php\/wp-json\/wp\/v2\/pages\/1321\/revisions"}],"predecessor-version":[{"id":1519,"href":"https:\/\/printinghouse3d.com\/index.php\/wp-json\/wp\/v2\/pages\/1321\/revisions\/1519"}],"wp:attachment":[{"href":"https:\/\/printinghouse3d.com\/index.php\/wp-json\/wp\/v2\/media?parent=1321"}],"curies":[{"name":"wp","href":"https:\/\/api.w.org\/{rel}","templated":true}]}}